{"id":5831,"date":"2018-10-22T07:58:55","date_gmt":"2018-10-22T07:58:55","guid":{"rendered":"https:\/\/www.stpeter.at\/mozart-dinner-salzburg\/"},"modified":"2025-10-06T10:22:32","modified_gmt":"2025-10-06T08:22:32","slug":"mozart-dinner-salzburg","status":"publish","type":"page","link":"https:\/\/www.stpeter.at\/en\/mozart-dinner-salzburg\/","title":{"rendered":"Mozart Dinner"},"content":{"rendered":"<div class=\"wpb-content-wrapper\"><p>[vc_row full_width=&#8221;stretch_row_content&#8221; css=&#8221;.vc_custom_1528891664670{margin-right: 20px !important;margin-left: 20px !important;}&#8221;][vc_column][vc_empty_space height=&#8221;42px&#8221;][vc_gallery interval=&#8221;3&#8243; images=&#8221;20181&#8243; img_size=&#8221;full&#8221; onclick=&#8221;&#8221; css=&#8221;&#8221;][\/vc_column][\/vc_row][vc_row][vc_column offset=&#8221;vc_hidden-lg vc_hidden-md vc_hidden-sm vc_hidden-xs&#8221;][vc_empty_space][\/vc_column][\/vc_row][vc_row css=&#8221;.vc_custom_1529496931361{padding-right: 5% !important;padding-left: 5% !important;}&#8221;][vc_column][vc_column_text el_class=&#8221;hyphenate&#8221;]<\/p>\n<h1 style=\"text-align: center;\">ST PETER MOZART DINNER CONCERTS IN SALZBURG<\/h1>\n<p>[\/vc_column_text][vc_column_text el_class=&#8221;subhead&#8221;]<\/p>\n<h2 style=\"text-align: center;\">AN EXQUISITE FEAST FOR THE SENSES<\/h2>\n<p>[\/vc_column_text][\/vc_column][\/vc_row][vc_row][vc_column offset=&#8221;vc_hidden-sm vc_hidden-xs&#8221;][\/vc_column][\/vc_row][vc_row][vc_column][vc_column_text el_class=&#8221;intro-section&#8221;]<\/p>\n<p style=\"text-align: center;\">Does your heart beat for classical music and haute cuisine? If so, that\u2019s something you share with Salzburg\u2019s most famous son. Mozart also visited St. Peter\u2019s Stiftskulinarium. Enjoy an evening of food and wine on a journey back to the year 1790.<\/p>\n<p>[\/vc_column_text][vc_row_inner css=&#8221;.vc_custom_1539178128864{padding-top: 32px !important;}&#8221;][vc_column_inner width=&#8221;1\/2&#8243;][vc_column_text el_class=&#8221;hyphenate&#8221;]Join us in celebrating Wolfgang Amadeus Mozart\u2019s compositions, skilfully brought to life by the musicians and singers of the Amadeus Consort Salzburg. Revel in the Barocksaal banqueting hall bathed in candlelight, and in culinary offerings inspired by the baroque age \u2013 exquisitely reinterpreted by the Gault&amp;Millau-listed culinary virtuosi at St. Peter\u2019s Stiftskulinarium.[\/vc_column_text][\/vc_column_inner][vc_column_inner width=&#8221;1\/2&#8243;][vc_column_text el_class=&#8221;hyphenate&#8221;]As Europe\u2019s oldest restaurant, St. Peter Stiftskulinarium is the first port of call for discerning diners. Every evening, we showcase our award-winning culinary philosophy. The cuisine is authentic and sophisticated, impressing even seasoned connoisseurs with stunning variety, creativity and outstanding quality.[\/vc_column_text][\/vc_column_inner][\/vc_row_inner][vc_btn title=&#8221;<em>Reserve<\/em> NOW&#8221; style=&#8221;flat&#8221; shape=&#8221;square&#8221; color=&#8221;white&#8221; size=&#8221;lg&#8221; align=&#8221;center&#8221; link=&#8221;url:https%3A%2F%2Fwww.mozart-dinner-concert-salzburg.com%2Fall-concerts|title:JETZT%20BUCHEN|target:%20_blank|&#8221;][\/vc_column][\/vc_row][vc_row full_width=&#8221;stretch_row_content&#8221;][vc_column offset=&#8221;vc_hidden-sm vc_hidden-xs&#8221;][vc_empty_space height=&#8221;16px&#8221;][\/vc_column][\/vc_row][vc_row full_width=&#8221;stretch_row_content&#8221;][vc_column offset=&#8221;vc_hidden-sm vc_hidden-xs&#8221;][vc_column_text css=&#8221;&#8221;]<\/p>\n<h2 style=\"text-align: center;\">DINE IN STYLE IN OUR HISTORIC BAROCKSAAL BANQUET HALL<\/h2>\n<p>[\/vc_column_text][\/vc_column][\/vc_row][vc_row][vc_column][vc_empty_space height=&#8221;16px&#8221;][vc_single_image image=&#8221;20183&#8243; img_size=&#8221;full&#8221; alignment=&#8221;center&#8221; css=&#8221;&#8221;][\/vc_column][\/vc_row][vc_row][vc_column][vc_empty_space height=&#8221;16px&#8221;]<div style=\"visibility: hidden;\" id=\"carousel-anything-1\" class=\"gambit-carousel-anything carousel-anything-container owl-ca-carousel  has-arrows ca-equal-height\" data-slide-anim=\"\" data-rtl=\"false\" data-items=\"1\"data-totalitems=\"1\" data-scroll_per_page=\"\" data-autoplay=\"5000\"data-items-tablet=\"1\" data-items-mobile=\"1\" data-stop-on-hover=\"\" data-speed-scroll=\"800\" data-speed-rewind=\"1000\"data-thumbnails=\"arrow\" data-navigation=\"true\" data-touchdrag=\"true\" data-keyboard=\"false\" data-alignment=\"50\"data-start=\"0\">[vc_row_inner][vc_column_inner][vc_column_text el_class=&#8221;headline&#8221;]<\/p>\n<h3 style=\"text-align: center;\">Artistic finesse and culinary excellence come together in historically evocative surroundings<\/h3>\n<p>[\/vc_column_text][vc_column_text el_class=&#8221;hyphenate&#8221;]At our sophisticated Mozart Dinner Concerts, art mingles with culinary excellence. Savour a three-course gala dinner at this impeccable venue, enjoy the repertoire played by our Mozart ensemble. It\u2019s no coincidence that TripAdvisor includes our Mozart Dinner Concerts on its list of the ten top experiences in Austria. See for yourself![\/vc_column_text][vc_btn title=&#8221;<em>Mozart Dinner<\/em> CONCERT&#8221; style=&#8221;flat&#8221; shape=&#8221;square&#8221; color=&#8221;white&#8221; size=&#8221;lg&#8221; align=&#8221;center&#8221; link=&#8221;url:https%3A%2F%2Fwww.mozart-dinner-concert-salzburg.com%2F|title:%3Cem%3EMozart%20Dinner%3C%2Fem%3E%20CONCERT|target:%20_blank|&#8221;][\/vc_column_inner][\/vc_row_inner]<\/div>[\/vc_column][\/vc_row][vc_row][vc_column][vc_column_text el_class=&#8221;testimonial hyphenate&#8221;]<\/p>\n<h4 class=\"blockquotes\" style=\"text-align: center;\">Indulge in a feast for the senses in the warm candlelight of the Barocksaal banqueting hall at St. Peter\u2019s Stiftskulinarium! This banqueting hall was built in the baroque style in 1903, and boasts magnificent stuccowork and impressive frescoes.<\/h4>\n<p>[\/vc_column_text][\/vc_column][\/vc_row][vc_row full_width=&#8221;stretch_row_content&#8221;][vc_column offset=&#8221;vc_hidden-sm vc_hidden-xs&#8221;][vc_empty_space][\/vc_column][\/vc_row][vc_row][vc_column][vc_column_text] [\/vc_column_text][\/vc_column][\/vc_row]<\/p>\n<\/div>","protected":false},"excerpt":{"rendered":"<p>[vc_row full_width=&#8221;stretch_row_content&#8221; css=&#8221;.vc_custom_1528891664670{margin-right: 20px !important;margin-left: 20px !important;}&#8221;][vc_column][vc_empty_space height=&#8221;42px&#8221;][vc_gallery interval=&#8221;3&#8243; images=&#8221;20181&#8243; img_size=&#8221;full&#8221; onclick=&#8221;&#8221; css=&#8221;&#8221;][\/vc_column][\/vc_row][vc_row][vc_column offset=&#8221;vc_hidden-lg vc_hidden-md vc_hidden-sm vc_hidden-xs&#8221;][vc_empty_space][\/vc_column][\/vc_row][vc_row css=&#8221;.vc_custom_1529496931361{padding-right: 5% !important;padding-left: 5% !important;}&#8221;][vc_column][vc_column_text el_class=&#8221;hyphenate&#8221;] ST PETER MOZART<span class=\"excerpt-hellip\"> [\u2026]<\/span><\/p>\n","protected":false},"author":27,"featured_media":-1,"parent":0,"menu_order":0,"comment_status":"closed","ping_status":"closed","template":"","meta":{"iawp_total_views":32443,"footnotes":""},"class_list":["post-5831","page","type-page","status-publish","has-post-thumbnail","hentry"],"yoast_head":"<!-- This site is optimized with the Yoast SEO plugin v27.5 - https:\/\/yoast.com\/product\/yoast-seo-wordpress\/ -->\n<title>Mozart Dinner Concert im St.Peter Stiftskulinarium in Salzburg<\/title>\n<meta name=\"description\" content=\"Genie\u00dfen Sie in einem in Kerzenlicht getauchten Festsaal ein Men\u00fc aus der Zeit des Barocks, w\u00e4hrend Sie Wolfgang Amadeus Mozarts Kompositionen lauschen. \u266b\" \/>\n<meta name=\"robots\" content=\"index, follow, max-snippet:-1, max-image-preview:large, max-video-preview:-1\" \/>\n<link rel=\"canonical\" href=\"https:\/\/www.stpeter.at\/en\/mozart-dinner-salzburg\/\" \/>\n<meta property=\"og:locale\" content=\"en_US\" \/>\n<meta property=\"og:type\" content=\"article\" \/>\n<meta property=\"og:title\" content=\"Mozart Dinner Concert im St.Peter Stiftskulinarium in Salzburg\" \/>\n<meta property=\"og:description\" content=\"Genie\u00dfen Sie in einem in Kerzenlicht getauchten Festsaal ein Men\u00fc aus der Zeit des Barocks, w\u00e4hrend Sie Wolfgang Amadeus Mozarts Kompositionen lauschen. \u266b\" \/>\n<meta property=\"og:url\" content=\"https:\/\/www.stpeter.at\/en\/mozart-dinner-salzburg\/\" \/>\n<meta property=\"og:site_name\" content=\"St. Peter Stiftskulinarium Salzburg\" \/>\n<meta property=\"article:publisher\" content=\"https:\/\/www.facebook.com\/stiftskulinarium\/\" \/>\n<meta property=\"article:modified_time\" content=\"2025-10-06T08:22:32+00:00\" \/>\n<meta property=\"og:image\" content=\"https:\/\/www.stpeter.at\/wp-content\/uploads\/2024\/06\/home.jpg\" \/>\n\t<meta property=\"og:image:width\" content=\"1700\" \/>\n\t<meta property=\"og:image:height\" content=\"660\" \/>\n\t<meta property=\"og:image:type\" content=\"image\/jpeg\" \/>\n<meta name=\"twitter:card\" content=\"summary_large_image\" \/>\n<meta name=\"twitter:label1\" content=\"Est. reading time\" \/>\n\t<meta name=\"twitter:data1\" content=\"3 minutes\" \/>\n<script type=\"application\/ld+json\" class=\"yoast-schema-graph\">{\"@context\":\"https:\\\/\\\/schema.org\",\"@graph\":[{\"@type\":\"WebPage\",\"@id\":\"https:\\\/\\\/www.stpeter.at\\\/en\\\/mozart-dinner-salzburg\\\/\",\"url\":\"https:\\\/\\\/www.stpeter.at\\\/en\\\/mozart-dinner-salzburg\\\/\",\"name\":\"Mozart Dinner Concert im St.Peter Stiftskulinarium in Salzburg\",\"isPartOf\":{\"@id\":\"https:\\\/\\\/www.stpeter.at\\\/en\\\/#website\"},\"datePublished\":\"2018-10-22T07:58:55+00:00\",\"dateModified\":\"2025-10-06T08:22:32+00:00\",\"description\":\"Genie\u00dfen Sie in einem in Kerzenlicht getauchten Festsaal ein Men\u00fc aus der Zeit des Barocks, w\u00e4hrend Sie Wolfgang Amadeus Mozarts Kompositionen lauschen. \u266b\",\"breadcrumb\":{\"@id\":\"https:\\\/\\\/www.stpeter.at\\\/en\\\/mozart-dinner-salzburg\\\/#breadcrumb\"},\"inLanguage\":\"en-US\",\"potentialAction\":[{\"@type\":\"ReadAction\",\"target\":[\"https:\\\/\\\/www.stpeter.at\\\/en\\\/mozart-dinner-salzburg\\\/\"]}]},{\"@type\":\"BreadcrumbList\",\"@id\":\"https:\\\/\\\/www.stpeter.at\\\/en\\\/mozart-dinner-salzburg\\\/#breadcrumb\",\"itemListElement\":[{\"@type\":\"ListItem\",\"position\":1,\"name\":\"Startseite\",\"item\":\"https:\\\/\\\/www.stpeter.at\\\/en\\\/\"},{\"@type\":\"ListItem\",\"position\":2,\"name\":\"Mozart Dinner\"}]},{\"@type\":\"WebSite\",\"@id\":\"https:\\\/\\\/www.stpeter.at\\\/en\\\/#website\",\"url\":\"https:\\\/\\\/www.stpeter.at\\\/en\\\/\",\"name\":\"St. Peter Stiftskulinarium\",\"description\":\"\u00e4ltestes Restaurant Europas ist in Salzburg\",\"publisher\":{\"@id\":\"https:\\\/\\\/www.stpeter.at\\\/en\\\/#organization\"},\"alternateName\":\"St. Peter\",\"potentialAction\":[{\"@type\":\"SearchAction\",\"target\":{\"@type\":\"EntryPoint\",\"urlTemplate\":\"https:\\\/\\\/www.stpeter.at\\\/en\\\/?s={search_term_string}\"},\"query-input\":{\"@type\":\"PropertyValueSpecification\",\"valueRequired\":true,\"valueName\":\"search_term_string\"}}],\"inLanguage\":\"en-US\"},{\"@type\":\"Organization\",\"@id\":\"https:\\\/\\\/www.stpeter.at\\\/en\\\/#organization\",\"name\":\"St. Peter Stiftskulinarium\",\"alternateName\":\"St. Peter\",\"url\":\"https:\\\/\\\/www.stpeter.at\\\/en\\\/\",\"logo\":{\"@type\":\"ImageObject\",\"inLanguage\":\"en-US\",\"@id\":\"https:\\\/\\\/www.stpeter.at\\\/en\\\/#\\\/schema\\\/logo\\\/image\\\/\",\"url\":\"https:\\\/\\\/www.stpeter.at\\\/wp-content\\\/uploads\\\/2018\\\/07\\\/logo.png\",\"contentUrl\":\"https:\\\/\\\/www.stpeter.at\\\/wp-content\\\/uploads\\\/2018\\\/07\\\/logo.png\",\"width\":512,\"height\":512,\"caption\":\"St. Peter Stiftskulinarium\"},\"image\":{\"@id\":\"https:\\\/\\\/www.stpeter.at\\\/en\\\/#\\\/schema\\\/logo\\\/image\\\/\"},\"sameAs\":[\"https:\\\/\\\/www.facebook.com\\\/stiftskulinarium\\\/\",\"https:\\\/\\\/www.instagram.com\\\/stpeter_stiftskulinarium\\\/\"]}]}<\/script>\n<!-- \/ Yoast SEO plugin. -->","yoast_head_json":{"title":"Mozart Dinner Concert im St.Peter Stiftskulinarium in Salzburg","description":"Genie\u00dfen Sie in einem in Kerzenlicht getauchten Festsaal ein Men\u00fc aus der Zeit des Barocks, w\u00e4hrend Sie Wolfgang Amadeus Mozarts Kompositionen lauschen. \u266b","robots":{"index":"index","follow":"follow","max-snippet":"max-snippet:-1","max-image-preview":"max-image-preview:large","max-video-preview":"max-video-preview:-1"},"canonical":"https:\/\/www.stpeter.at\/en\/mozart-dinner-salzburg\/","og_locale":"en_US","og_type":"article","og_title":"Mozart Dinner Concert im St.Peter Stiftskulinarium in Salzburg","og_description":"Genie\u00dfen Sie in einem in Kerzenlicht getauchten Festsaal ein Men\u00fc aus der Zeit des Barocks, w\u00e4hrend Sie Wolfgang Amadeus Mozarts Kompositionen lauschen. \u266b","og_url":"https:\/\/www.stpeter.at\/en\/mozart-dinner-salzburg\/","og_site_name":"St. Peter Stiftskulinarium Salzburg","article_publisher":"https:\/\/www.facebook.com\/stiftskulinarium\/","article_modified_time":"2025-10-06T08:22:32+00:00","og_image":[{"width":1700,"height":660,"url":"https:\/\/www.stpeter.at\/wp-content\/uploads\/2024\/06\/home.jpg","type":"image\/jpeg"}],"twitter_card":"summary_large_image","twitter_misc":{"Est. reading time":"3 minutes"},"schema":{"@context":"https:\/\/schema.org","@graph":[{"@type":"WebPage","@id":"https:\/\/www.stpeter.at\/en\/mozart-dinner-salzburg\/","url":"https:\/\/www.stpeter.at\/en\/mozart-dinner-salzburg\/","name":"Mozart Dinner Concert im St.Peter Stiftskulinarium in Salzburg","isPartOf":{"@id":"https:\/\/www.stpeter.at\/en\/#website"},"datePublished":"2018-10-22T07:58:55+00:00","dateModified":"2025-10-06T08:22:32+00:00","description":"Genie\u00dfen Sie in einem in Kerzenlicht getauchten Festsaal ein Men\u00fc aus der Zeit des Barocks, w\u00e4hrend Sie Wolfgang Amadeus Mozarts Kompositionen lauschen. \u266b","breadcrumb":{"@id":"https:\/\/www.stpeter.at\/en\/mozart-dinner-salzburg\/#breadcrumb"},"inLanguage":"en-US","potentialAction":[{"@type":"ReadAction","target":["https:\/\/www.stpeter.at\/en\/mozart-dinner-salzburg\/"]}]},{"@type":"BreadcrumbList","@id":"https:\/\/www.stpeter.at\/en\/mozart-dinner-salzburg\/#breadcrumb","itemListElement":[{"@type":"ListItem","position":1,"name":"Startseite","item":"https:\/\/www.stpeter.at\/en\/"},{"@type":"ListItem","position":2,"name":"Mozart Dinner"}]},{"@type":"WebSite","@id":"https:\/\/www.stpeter.at\/en\/#website","url":"https:\/\/www.stpeter.at\/en\/","name":"St. Peter Stiftskulinarium","description":"\u00e4ltestes Restaurant Europas ist in Salzburg","publisher":{"@id":"https:\/\/www.stpeter.at\/en\/#organization"},"alternateName":"St. Peter","potentialAction":[{"@type":"SearchAction","target":{"@type":"EntryPoint","urlTemplate":"https:\/\/www.stpeter.at\/en\/?s={search_term_string}"},"query-input":{"@type":"PropertyValueSpecification","valueRequired":true,"valueName":"search_term_string"}}],"inLanguage":"en-US"},{"@type":"Organization","@id":"https:\/\/www.stpeter.at\/en\/#organization","name":"St. Peter Stiftskulinarium","alternateName":"St. Peter","url":"https:\/\/www.stpeter.at\/en\/","logo":{"@type":"ImageObject","inLanguage":"en-US","@id":"https:\/\/www.stpeter.at\/en\/#\/schema\/logo\/image\/","url":"https:\/\/www.stpeter.at\/wp-content\/uploads\/2018\/07\/logo.png","contentUrl":"https:\/\/www.stpeter.at\/wp-content\/uploads\/2018\/07\/logo.png","width":512,"height":512,"caption":"St. Peter Stiftskulinarium"},"image":{"@id":"https:\/\/www.stpeter.at\/en\/#\/schema\/logo\/image\/"},"sameAs":["https:\/\/www.facebook.com\/stiftskulinarium\/","https:\/\/www.instagram.com\/stpeter_stiftskulinarium\/"]}]}},"_links":{"self":[{"href":"https:\/\/www.stpeter.at\/en\/wp-json\/wp\/v2\/pages\/5831","targetHints":{"allow":["GET"]}}],"collection":[{"href":"https:\/\/www.stpeter.at\/en\/wp-json\/wp\/v2\/pages"}],"about":[{"href":"https:\/\/www.stpeter.at\/en\/wp-json\/wp\/v2\/types\/page"}],"author":[{"embeddable":true,"href":"https:\/\/www.stpeter.at\/en\/wp-json\/wp\/v2\/users\/27"}],"replies":[{"embeddable":true,"href":"https:\/\/www.stpeter.at\/en\/wp-json\/wp\/v2\/comments?post=5831"}],"version-history":[{"count":0,"href":"https:\/\/www.stpeter.at\/en\/wp-json\/wp\/v2\/pages\/5831\/revisions"}],"wp:featuredmedia":[{"embeddable":true,"href":"https:\/\/www.stpeter.at\/en\/wp-json\/"}],"wp:attachment":[{"href":"https:\/\/www.stpeter.at\/en\/wp-json\/wp\/v2\/media?parent=5831"}],"curies":[{"name":"wp","href":"https:\/\/api.w.org\/{rel}","templated":true}]}}